{"id":126,"date":"2017-02-16T18:02:40","date_gmt":"2017-02-16T15:02:40","guid":{"rendered":"http:\/\/caddebranda.com\/?page_id=126"},"modified":"2017-10-10T21:33:12","modified_gmt":"2017-10-10T18:33:12","slug":"hakkimizda","status":"publish","type":"page","link":"http:\/\/caddebranda.com\/?page_id=126","title":{"rendered":"Hakk\u0131m\u0131zda"},"content":{"rendered":"<p>Sevgili www.caddebranda.com ziyaret\u00e7ileri 2015 senesinden bu yana siz de\u011ferli halk\u0131m\u0131za TENTE-BRANDA -PERGOLA-\u00c7ADIR sekt\u00f6rlerinden hizmet vermekteyiz.Herzaman i\u00e7in ilkemiz \u00f6nce i\u015f de\u011fil,i\u015ften sonra destek olarak bu yola \u00e7\u0131kt\u0131k.G\u00f6lgelendirme sekt\u00f6r\u00fcndeki yapim sonrasi destek ve garanti h\u0131z\u0131n\u0131 Cadde Branda ailesi olarak kendimize ilke se\u00e7tik.Piyasadaki fiyat karma\u015fas\u0131n\u0131nda \u00f6n\u00fcne ge\u00e7tik,en d\u00fc\u015f\u00fck fiyat \u2013 en kaliteli hizmet slogan\u0131m\u0131zla bu yola koyulduk. \u2022 \u00d6zg\u00fcn, \u00f6l\u00e7\u00fclebilir, eri\u015filebilir, ger\u00e7ek\u00e7i, zamanlamas\u0131 uygun kararlar almak, \u2022 Kayna\u015fm\u0131\u015f, b\u00fct\u00fcnle\u015fmi\u015f insan gruplar\u0131ndan tak\u0131m bilinci olu\u015fturarak sinerji yaratmak. \u2022 Sorumluluk ve inisiyatif sahibi olmak, sonunu d\u00fc\u015f\u00fcnerek hareket etmek, \u00f6ncelikleri tayin etmek, s\u00fcrekli kazanmak (Hedef tayin etmek), ilk \u00f6nce ba\u015fkalar\u0131n\u0131 anlamak, yarat\u0131c\u0131 tak\u0131m \u00e7al\u0131\u015fmas\u0131 yapmak, hemen uygulamaya \u00e7al\u0131\u015fma anlay\u0131\u015f\u0131n\u0131 benimsemek, \u2022 \u00c7al\u0131\u015fanlar\u0131m\u0131za, topluma ve \u00e7evreye katt\u0131\u011f\u0131m\u0131z de\u011feri s\u00fcrekli ve belirgin bi\u00e7imde artt\u0131rmak, \u2022 Y\u00f6netim ve \u00e7al\u0131\u015fanlar olarak, m\u00fc\u015fterilerimizin ihtiya\u00e7, beklenti ve \u00f6nerilerini d\u00fczenli analiz ederek hizmetimizin s\u00fcrekli geli\u015ftirilmesi ve iyile\u015ftirilmesini sa\u011flamak,<\/p>\n","protected":false},"excerpt":{"rendered":"<p>Sevgili www.caddebranda.com ziyaret\u00e7ileri 2015 senesinden bu yana siz de\u011ferli halk\u0131m\u0131za TENTE-BRANDA -PERGOLA-\u00c7ADIR sekt\u00f6rlerinden hizmet vermekteyiz.Herzaman i\u00e7in ilkemiz \u00f6nce i\u015f de\u011fil,i\u015ften &#187;<\/p>\n","protected":false},"author":2,"featured_media":0,"parent":0,"menu_order":0,"comment_status":"closed","ping_status":"closed","template":"","meta":{"footnotes":""},"class_list":["post-126","page","type-page","status-publish","hentry"],"_links":{"self":[{"href":"http:\/\/caddebranda.com\/index.php?rest_route=\/wp\/v2\/pages\/126","targetHints":{"allow":["GET"]}}],"collection":[{"href":"http:\/\/caddebranda.com\/index.php?rest_route=\/wp\/v2\/pages"}],"about":[{"href":"http:\/\/caddebranda.com\/index.php?rest_route=\/wp\/v2\/types\/page"}],"author":[{"embeddable":true,"href":"http:\/\/caddebranda.com\/index.php?rest_route=\/wp\/v2\/users\/2"}],"replies":[{"embeddable":true,"href":"http:\/\/caddebranda.com\/index.php?rest_route=%2Fwp%2Fv2%2Fcomments&post=126"}],"version-history":[{"count":12,"href":"http:\/\/caddebranda.com\/index.php?rest_route=\/wp\/v2\/pages\/126\/revisions"}],"predecessor-version":[{"id":660,"href":"http:\/\/caddebranda.com\/index.php?rest_route=\/wp\/v2\/pages\/126\/revisions\/660"}],"wp:attachment":[{"href":"http:\/\/caddebranda.com\/index.php?rest_route=%2Fwp%2Fv2%2Fmedia&parent=126"}],"curies":[{"name":"wp","href":"https:\/\/api.w.org\/{rel}","templated":true}]}}