{"id":391,"date":"2017-04-29T10:56:10","date_gmt":"2017-04-29T07:56:10","guid":{"rendered":"http:\/\/caddebranda.com\/?page_id=391"},"modified":"2017-10-10T21:30:43","modified_gmt":"2017-10-10T18:30:43","slug":"pergola","status":"publish","type":"page","link":"http:\/\/caddebranda.com\/?page_id=391","title":{"rendered":"PERGOLA"},"content":{"rendered":"<p>Pergola kelimesi latince sa\u00e7ak anlam\u0131na gelen &#8220;pergule&#8221; kelimesinden gelmekte olup, \u0130talyancada &#8220;pergola&#8221; yani g\u00f6lgelik anlam\u0131na gelen bir kelimedir. Sonras\u0131nda \u0130talyanca vas\u0131tas\u0131yla t\u00fcm d\u00fcnya dillerinde ayn\u0131 ifadeyi i\u00e7eren evrensel bir kelime haline gelmi\u015ftir.<\/p>\n<p>Pergola tente sistemi sayesinde, yatay, b\u00fck\u00fcml\u00fc ve \u00e7at\u0131 \u015feklinde a\u00e7\u0131kl\u0131klar tente ile kapat\u0131labilmektedir.<\/p>\n<p>Pergola tente sistemi g\u00fcne\u015flik olarak yazlar\u0131 sizi g\u00fcne\u015ften, a\u00e7\u0131l\u0131r kapan\u0131r tavan\u0131 ve su ge\u00e7irmez \u00f6zelli\u011fi ile ya\u011fmurlu havalarda ya\u011fmurluk olarak sizi ya\u011fmurdan koruyacakt\u0131r.<\/p>\n<p>Dilerseniz pergola tente sisteminizin etraf\u0131n\u0131 camla kapatt\u0131r\u0131p, tente sisteminizi a\u00e7\u0131l\u0131r kapan\u0131r k\u0131\u015f bah\u00e7esine d\u00f6n\u00fc\u015ft\u00fcrtebilirsiniz.. B\u00f6ylece k\u0131\u015f aylar\u0131nda da pergola tentenizin alt\u0131nda sanki a\u00e7\u0131k alandaym\u0131\u015f gibi bah\u00e7enizde, verandan\u0131zda ya da balkonunuzda k\u0131\u015f\u0131n tad\u0131n\u0131 so\u011fuktan etkilenmeden \u00e7\u0131kartabilirsiniz.<\/p>\n","protected":false},"excerpt":{"rendered":"<p>Pergola kelimesi latince sa\u00e7ak anlam\u0131na gelen &#8220;pergule&#8221; kelimesinden gelmekte olup, \u0130talyancada &#8220;pergola&#8221; yani g\u00f6lgelik anlam\u0131na gelen bir kelimedir. Sonras\u0131nda \u0130talyanca &#187;<\/p>\n","protected":false},"author":2,"featured_media":0,"parent":0,"menu_order":0,"comment_status":"closed","ping_status":"closed","template":"","meta":{"footnotes":""},"class_list":["post-391","page","type-page","status-publish","hentry"],"_links":{"self":[{"href":"http:\/\/caddebranda.com\/index.php?rest_route=\/wp\/v2\/pages\/391","targetHints":{"allow":["GET"]}}],"collection":[{"href":"http:\/\/caddebranda.com\/index.php?rest_route=\/wp\/v2\/pages"}],"about":[{"href":"http:\/\/caddebranda.com\/index.php?rest_route=\/wp\/v2\/types\/page"}],"author":[{"embeddable":true,"href":"http:\/\/caddebranda.com\/index.php?rest_route=\/wp\/v2\/users\/2"}],"replies":[{"embeddable":true,"href":"http:\/\/caddebranda.com\/index.php?rest_route=%2Fwp%2Fv2%2Fcomments&post=391"}],"version-history":[{"count":6,"href":"http:\/\/caddebranda.com\/index.php?rest_route=\/wp\/v2\/pages\/391\/revisions"}],"predecessor-version":[{"id":652,"href":"http:\/\/caddebranda.com\/index.php?rest_route=\/wp\/v2\/pages\/391\/revisions\/652"}],"wp:attachment":[{"href":"http:\/\/caddebranda.com\/index.php?rest_route=%2Fwp%2Fv2%2Fmedia&parent=391"}],"curies":[{"name":"wp","href":"https:\/\/api.w.org\/{rel}","templated":true}]}}