{"id":689,"date":"2017-10-10T21:26:31","date_gmt":"2017-10-10T18:26:31","guid":{"rendered":"http:\/\/caddebranda.com\/?page_id=689"},"modified":"2017-10-10T21:26:31","modified_gmt":"2017-10-10T18:26:31","slug":"havuz-cadiri","status":"publish","type":"page","link":"https:\/\/caddebranda.com\/?page_id=689","title":{"rendered":"Havuz \u00c7ad\u0131r\u0131"},"content":{"rendered":"","protected":false},"excerpt":{"rendered":"","protected":false},"author":2,"featured_media":0,"parent":389,"menu_order":0,"comment_status":"closed","ping_status":"closed","template":"","meta":{"footnotes":""},"class_list":["post-689","page","type-page","status-publish","hentry"],"_links":{"self":[{"href":"https:\/\/caddebranda.com\/index.php?rest_route=\/wp\/v2\/pages\/689","targetHints":{"allow":["GET"]}}],"collection":[{"href":"https:\/\/caddebranda.com\/index.php?rest_route=\/wp\/v2\/pages"}],"about":[{"href":"https:\/\/caddebranda.com\/index.php?rest_route=\/wp\/v2\/types\/page"}],"author":[{"embeddable":true,"href":"https:\/\/caddebranda.com\/index.php?rest_route=\/wp\/v2\/users\/2"}],"replies":[{"embeddable":true,"href":"https:\/\/caddebranda.com\/index.php?rest_route=%2Fwp%2Fv2%2Fcomments&post=689"}],"version-history":[{"count":1,"href":"https:\/\/caddebranda.com\/index.php?rest_route=\/wp\/v2\/pages\/689\/revisions"}],"predecessor-version":[{"id":701,"href":"https:\/\/caddebranda.com\/index.php?rest_route=\/wp\/v2\/pages\/689\/revisions\/701"}],"up":[{"embeddable":true,"href":"https:\/\/caddebranda.com\/index.php?rest_route=\/wp\/v2\/pages\/389"}],"wp:attachment":[{"href":"https:\/\/caddebranda.com\/index.php?rest_route=%2Fwp%2Fv2%2Fmedia&parent=689"}],"curies":[{"name":"wp","href":"https:\/\/api.w.org\/{rel}","templated":true}]}}